{"id":2066,"date":"2025-03-25T12:40:21","date_gmt":"2025-03-25T12:40:21","guid":{"rendered":"https:\/\/forzato.nl\/?post_type=product&#038;p=2066"},"modified":"2025-03-25T12:43:09","modified_gmt":"2025-03-25T12:43:09","slug":"fermate-2210-latte-oak-kopie-kopie-kopie-kopie","status":"publish","type":"product","link":"https:\/\/forzato.nl\/de\/produkt\/fermate-2210-latte-oak-kopie-kopie-kopie-kopie\/","title":{"rendered":"Fermate 2210 Latte Oak (kopie) (kopie) (kopie) (kopie)"},"content":{"rendered":"<h1>Fermate 2210 Latte Oak<\/h1>\n<p>Entdecken Sie Fermate 2210 Latte Oak: Die ultimative Wahl f\u00fcr B\u00f6den, die Leistung und \u00c4sthetik vereinen.<\/p>\n<p>Die Forzato-Serie steht f\u00fcr Langlebigkeit, Vielseitigkeit und Raffinesse, alles in einem Design. Mit einer 0,55-mm-Verschlei\u00dfschicht ist diese Kollektion speziell darauf ausgelegt, selbst in den anspruchsvollsten Umgebungen zu gl\u00e4nzen, wobei die Einstufungen der Klasse 42 (Klebe-Variante) und der Klasse 32 (Klick-Variante) eine robuste Leistung im Haushalt und bei Projekten gew\u00e4hrleisten.<\/p>\n<p>Die Einzigartigkeit von Fermate liegt nicht nur in seiner au\u00dfergew\u00f6hnlichen Haltbarkeit, sondern auch in der Vielfalt der verf\u00fcgbaren Designs. Ganz gleich, ob Sie warme Holzt\u00f6ne lieben, die klassische Eleganz von Fischgr\u00e4tenmustern bevorzugen oder den zeitlosen Look steinartiger Texturen bevorzugen, diese Kollektion bietet eine gro\u00dfe Auswahl an Stilen f\u00fcr jeden Geschmack und jedes Interieur. Erh\u00e4ltlich in 10 Eichendekoren und 2 Betonoptiken.<\/p>\n<p>Was Fermate wirklich auszeichnet, ist das Registerpr\u00e4gedesign. Das bedeutet, dass die Textur des Bodens perfekt zum optischen Muster passt und so ein realistisches und haptisches Erlebnis entsteht. Dadurch ist die Beschaffenheit der Oberfl\u00e4che perfekt f\u00fcr den optischen Genuss und somit ein realistisches und haptisches Erlebnis.<\/p>\n<p>Mit Fermate erhalten Sie nicht nur einen Boden, der einer langfristigen Nutzung standh\u00e4lt, sondern auch einen Boden, der ein Statement setzt. Ob f\u00fcr Gewerbefl\u00e4chen, B\u00fcros oder Ihr Zuhause \u2013 diese Kollektion ist die perfekte Balance zwischen Stil, Funktionalit\u00e4t und Nachhaltigkeit.<\/p>\n<p>Entscheiden Sie sich f\u00fcr Fermate und verleihen Sie jedem Raum einen zeitlosen, raffinierten Look, der immer wieder inspiriert.<\/p>\n","protected":false},"excerpt":{"rendered":"<table>\n<tbody>\n<tr>\n<th><\/th>\n<th>Klebe-Variante<\/th>\n<th>Klick-Variante<\/th>\n<\/tr>\n<tr>\n<td>Gr\u00f6\u00dfe<\/td>\n<td>22,9cm x 121,9cm<\/td>\n<td>23cm x 123,5cm<\/td>\n<\/tr>\n<tr>\n<td>Dicke<\/td>\n<td>2,5 mm<\/td>\n<td>5,5 mm<\/td>\n<\/tr>\n<tr>\n<td>Klasse<\/td>\n<td>23\/33\/42<\/td>\n<td>23\/32<\/td>\n<\/tr>\n<tr>\n<td>Pro Karton<\/td>\n<td>4,47m\u00b2<\/td>\n<td>1,99m\u00b2<\/td>\n<\/tr>\n<tr>\n<td>Beschikbaar<\/td>\n<td>Planke \/ Fischgr\u00e4t<\/td>\n<td>Planke \/ Fischgr\u00e4t<\/td>\n<\/tr>\n<\/tbody>\n<\/table>\n","protected":false},"featured_media":2069,"template":"","meta":[],"product_brand":[],"product_cat":[366],"product_tag":[],"class_list":{"0":"post-2066","1":"product","2":"type-product","3":"status-publish","4":"has-post-thumbnail","6":"product_cat-muster-designbelage","7":"product_shipping_class-kostenloser-versand","8":"pa_decor-eiche","9":"pa_klasse-23-de","10":"pa_klasse-33-de","11":"pa_klasse-42-de","12":"pa_kleur-hellbraun","13":"pa_patroon-planken","14":"pa_slijtlaag-055-mm-de","15":"pa_v-groeven-mikro-4v","16":"pa_vloerbarestructuur-holzstruktur","17":"pa_vloerverwarming-koeling-ja-de","19":"first","20":"onbackorder","21":"sold-individually","22":"taxable","23":"shipping-taxable","24":"purchasable","25":"product-type-simple"},"yoast_head":"<!-- This site is optimized with the Yoast SEO plugin v24.6 - https:\/\/yoast.com\/wordpress\/plugins\/seo\/ -->\n<title>Fermate 2210 Latte Oak (kopie) (kopie) (kopie) (kopie) - Forzato<\/title>\n<meta name=\"description\" content=\"Fermate 2210 Latte Oak eignet sich perfekt f\u00fcr gewerbliche R\u00e4ume, B\u00fcros oder Ihr Zuhause und bietet die perfekte Balance zwischen Stil, Funktionalit\u00e4t und Haltbarkeit.\" \/>\n<meta name=\"robots\" content=\"index, follow, max-snippet:-1, max-image-preview:large, max-video-preview:-1\" \/>\n<link rel=\"canonical\" href=\"https:\/\/forzato.nl\/de\/produkt\/fermate-2210-latte-oak-kopie-kopie-kopie-kopie\/\" \/>\n<meta property=\"og:locale\" content=\"de_DE\" \/>\n<meta property=\"og:type\" content=\"article\" \/>\n<meta property=\"og:title\" content=\"Fermate 2210 Latte Oak (kopie) (kopie) (kopie) (kopie) - Forzato\" \/>\n<meta property=\"og:description\" content=\"Fermate 2210 Latte Oak eignet sich perfekt f\u00fcr gewerbliche R\u00e4ume, B\u00fcros oder Ihr Zuhause und bietet die perfekte Balance zwischen Stil, Funktionalit\u00e4t und Haltbarkeit.\" \/>\n<meta property=\"og:url\" content=\"https:\/\/forzato.nl\/de\/produkt\/fermate-2210-latte-oak-kopie-kopie-kopie-kopie\/\" \/>\n<meta property=\"og:site_name\" content=\"Forzato\" \/>\n<meta property=\"article:modified_time\" content=\"2025-03-25T12:43:09+00:00\" \/>\n<meta property=\"og:image\" content=\"https:\/\/forzato.nl\/wp-content\/uploads\/2025\/03\/Allegro-3304-Natural-Oak-Topview.webp\" \/>\n\t<meta property=\"og:image:width\" content=\"1500\" \/>\n\t<meta property=\"og:image:height\" content=\"2121\" \/>\n\t<meta property=\"og:image:type\" content=\"image\/webp\" \/>\n<meta name=\"twitter:card\" content=\"summary_large_image\" \/>\n<meta name=\"twitter:label1\" content=\"Gesch\u00e4tzte Lesezeit\" \/>\n\t<meta name=\"twitter:data1\" content=\"1\u00a0Minute\" \/>\n<script type=\"application\/ld+json\" class=\"yoast-schema-graph\">{\"@context\":\"https:\/\/schema.org\",\"@graph\":[{\"@type\":\"WebPage\",\"@id\":\"https:\/\/forzato.nl\/de\/produkt\/fermate-2210-latte-oak-kopie-kopie-kopie-kopie\/\",\"url\":\"https:\/\/forzato.nl\/de\/produkt\/fermate-2210-latte-oak-kopie-kopie-kopie-kopie\/\",\"name\":\"Fermate 2210 Latte Oak (kopie) (kopie) (kopie) (kopie) - Forzato\",\"isPartOf\":{\"@id\":\"https:\/\/forzato.nl\/de\/#website\"},\"primaryImageOfPage\":{\"@id\":\"https:\/\/forzato.nl\/de\/produkt\/fermate-2210-latte-oak-kopie-kopie-kopie-kopie\/#primaryimage\"},\"image\":{\"@id\":\"https:\/\/forzato.nl\/de\/produkt\/fermate-2210-latte-oak-kopie-kopie-kopie-kopie\/#primaryimage\"},\"thumbnailUrl\":\"https:\/\/forzato.nl\/wp-content\/uploads\/2025\/03\/Allegro-3304-Natural-Oak-Topview.webp\",\"datePublished\":\"2025-03-25T12:40:21+00:00\",\"dateModified\":\"2025-03-25T12:43:09+00:00\",\"description\":\"Fermate 2210 Latte Oak eignet sich perfekt f\u00fcr gewerbliche R\u00e4ume, B\u00fcros oder Ihr Zuhause und bietet die perfekte Balance zwischen Stil, Funktionalit\u00e4t und Haltbarkeit.\",\"breadcrumb\":{\"@id\":\"https:\/\/forzato.nl\/de\/produkt\/fermate-2210-latte-oak-kopie-kopie-kopie-kopie\/#breadcrumb\"},\"inLanguage\":\"de\",\"potentialAction\":[{\"@type\":\"ReadAction\",\"target\":[\"https:\/\/forzato.nl\/de\/produkt\/fermate-2210-latte-oak-kopie-kopie-kopie-kopie\/\"]}]},{\"@type\":\"ImageObject\",\"inLanguage\":\"de\",\"@id\":\"https:\/\/forzato.nl\/de\/produkt\/fermate-2210-latte-oak-kopie-kopie-kopie-kopie\/#primaryimage\",\"url\":\"https:\/\/forzato.nl\/wp-content\/uploads\/2025\/03\/Allegro-3304-Natural-Oak-Topview.webp\",\"contentUrl\":\"https:\/\/forzato.nl\/wp-content\/uploads\/2025\/03\/Allegro-3304-Natural-Oak-Topview.webp\",\"width\":1500,\"height\":2121,\"caption\":\"Allegro 3304 Natural Oak\"},{\"@type\":\"BreadcrumbList\",\"@id\":\"https:\/\/forzato.nl\/de\/produkt\/fermate-2210-latte-oak-kopie-kopie-kopie-kopie\/#breadcrumb\",\"itemListElement\":[{\"@type\":\"ListItem\",\"position\":1,\"name\":\"Home\",\"item\":\"https:\/\/forzato.nl\/de\/\"},{\"@type\":\"ListItem\",\"position\":2,\"name\":\"Shop\",\"item\":\"https:\/\/forzato.nl\/shop\/\"},{\"@type\":\"ListItem\",\"position\":3,\"name\":\"Fermate 2210 Latte Oak (kopie) (kopie) (kopie) (kopie)\"}]},{\"@type\":\"WebSite\",\"@id\":\"https:\/\/forzato.nl\/de\/#website\",\"url\":\"https:\/\/forzato.nl\/de\/\",\"name\":\"Forzato\",\"description\":\"Strak in B\u00f6den\",\"potentialAction\":[{\"@type\":\"SearchAction\",\"target\":{\"@type\":\"EntryPoint\",\"urlTemplate\":\"https:\/\/forzato.nl\/de\/?s={search_term_string}\"},\"query-input\":{\"@type\":\"PropertyValueSpecification\",\"valueRequired\":true,\"valueName\":\"search_term_string\"}}],\"inLanguage\":\"de\"}]}<\/script>\n<!-- \/ Yoast SEO plugin. -->","yoast_head_json":{"title":"Fermate 2210 Latte Oak (kopie) (kopie) (kopie) (kopie) - Forzato","description":"Fermate 2210 Latte Oak eignet sich perfekt f\u00fcr gewerbliche R\u00e4ume, B\u00fcros oder Ihr Zuhause und bietet die perfekte Balance zwischen Stil, Funktionalit\u00e4t und Haltbarkeit.","robots":{"index":"index","follow":"follow","max-snippet":"max-snippet:-1","max-image-preview":"max-image-preview:large","max-video-preview":"max-video-preview:-1"},"canonical":"https:\/\/forzato.nl\/de\/produkt\/fermate-2210-latte-oak-kopie-kopie-kopie-kopie\/","og_locale":"de_DE","og_type":"article","og_title":"Fermate 2210 Latte Oak (kopie) (kopie) (kopie) (kopie) - Forzato","og_description":"Fermate 2210 Latte Oak eignet sich perfekt f\u00fcr gewerbliche R\u00e4ume, B\u00fcros oder Ihr Zuhause und bietet die perfekte Balance zwischen Stil, Funktionalit\u00e4t und Haltbarkeit.","og_url":"https:\/\/forzato.nl\/de\/produkt\/fermate-2210-latte-oak-kopie-kopie-kopie-kopie\/","og_site_name":"Forzato","article_modified_time":"2025-03-25T12:43:09+00:00","og_image":[{"width":1500,"height":2121,"url":"https:\/\/forzato.nl\/wp-content\/uploads\/2025\/03\/Allegro-3304-Natural-Oak-Topview.webp","type":"image\/webp"}],"twitter_card":"summary_large_image","twitter_misc":{"Gesch\u00e4tzte Lesezeit":"1\u00a0Minute"},"schema":{"@context":"https:\/\/schema.org","@graph":[{"@type":"WebPage","@id":"https:\/\/forzato.nl\/de\/produkt\/fermate-2210-latte-oak-kopie-kopie-kopie-kopie\/","url":"https:\/\/forzato.nl\/de\/produkt\/fermate-2210-latte-oak-kopie-kopie-kopie-kopie\/","name":"Fermate 2210 Latte Oak (kopie) (kopie) (kopie) (kopie) - Forzato","isPartOf":{"@id":"https:\/\/forzato.nl\/de\/#website"},"primaryImageOfPage":{"@id":"https:\/\/forzato.nl\/de\/produkt\/fermate-2210-latte-oak-kopie-kopie-kopie-kopie\/#primaryimage"},"image":{"@id":"https:\/\/forzato.nl\/de\/produkt\/fermate-2210-latte-oak-kopie-kopie-kopie-kopie\/#primaryimage"},"thumbnailUrl":"https:\/\/forzato.nl\/wp-content\/uploads\/2025\/03\/Allegro-3304-Natural-Oak-Topview.webp","datePublished":"2025-03-25T12:40:21+00:00","dateModified":"2025-03-25T12:43:09+00:00","description":"Fermate 2210 Latte Oak eignet sich perfekt f\u00fcr gewerbliche R\u00e4ume, B\u00fcros oder Ihr Zuhause und bietet die perfekte Balance zwischen Stil, Funktionalit\u00e4t und Haltbarkeit.","breadcrumb":{"@id":"https:\/\/forzato.nl\/de\/produkt\/fermate-2210-latte-oak-kopie-kopie-kopie-kopie\/#breadcrumb"},"inLanguage":"de","potentialAction":[{"@type":"ReadAction","target":["https:\/\/forzato.nl\/de\/produkt\/fermate-2210-latte-oak-kopie-kopie-kopie-kopie\/"]}]},{"@type":"ImageObject","inLanguage":"de","@id":"https:\/\/forzato.nl\/de\/produkt\/fermate-2210-latte-oak-kopie-kopie-kopie-kopie\/#primaryimage","url":"https:\/\/forzato.nl\/wp-content\/uploads\/2025\/03\/Allegro-3304-Natural-Oak-Topview.webp","contentUrl":"https:\/\/forzato.nl\/wp-content\/uploads\/2025\/03\/Allegro-3304-Natural-Oak-Topview.webp","width":1500,"height":2121,"caption":"Allegro 3304 Natural Oak"},{"@type":"BreadcrumbList","@id":"https:\/\/forzato.nl\/de\/produkt\/fermate-2210-latte-oak-kopie-kopie-kopie-kopie\/#breadcrumb","itemListElement":[{"@type":"ListItem","position":1,"name":"Home","item":"https:\/\/forzato.nl\/de\/"},{"@type":"ListItem","position":2,"name":"Shop","item":"https:\/\/forzato.nl\/shop\/"},{"@type":"ListItem","position":3,"name":"Fermate 2210 Latte Oak (kopie) (kopie) (kopie) (kopie)"}]},{"@type":"WebSite","@id":"https:\/\/forzato.nl\/de\/#website","url":"https:\/\/forzato.nl\/de\/","name":"Forzato","description":"Strak in B\u00f6den","potentialAction":[{"@type":"SearchAction","target":{"@type":"EntryPoint","urlTemplate":"https:\/\/forzato.nl\/de\/?s={search_term_string}"},"query-input":{"@type":"PropertyValueSpecification","valueRequired":true,"valueName":"search_term_string"}}],"inLanguage":"de"}]}},"jetpack_sharing_enabled":true,"_links":{"self":[{"href":"https:\/\/forzato.nl\/de\/wp-json\/wp\/v2\/product\/2066","targetHints":{"allow":["GET"]}}],"collection":[{"href":"https:\/\/forzato.nl\/de\/wp-json\/wp\/v2\/product"}],"about":[{"href":"https:\/\/forzato.nl\/de\/wp-json\/wp\/v2\/types\/product"}],"wp:featuredmedia":[{"embeddable":true,"href":"https:\/\/forzato.nl\/de\/wp-json\/wp\/v2\/media\/2069"}],"wp:attachment":[{"href":"https:\/\/forzato.nl\/de\/wp-json\/wp\/v2\/media?parent=2066"}],"wp:term":[{"taxonomy":"product_brand","embeddable":true,"href":"https:\/\/forzato.nl\/de\/wp-json\/wp\/v2\/product_brand?post=2066"},{"taxonomy":"product_cat","embeddable":true,"href":"https:\/\/forzato.nl\/de\/wp-json\/wp\/v2\/product_cat?post=2066"},{"taxonomy":"product_tag","embeddable":true,"href":"https:\/\/forzato.nl\/de\/wp-json\/wp\/v2\/product_tag?post=2066"}],"curies":[{"name":"wp","href":"https:\/\/api.w.org\/{rel}","templated":true}]}}