{"id":1408,"date":"2023-12-01T15:41:31","date_gmt":"2023-12-01T15:41:31","guid":{"rendered":"https:\/\/forzato.nl\/product\/bostik-grip-a500-multi-10kg\/"},"modified":"2024-03-29T11:22:17","modified_gmt":"2024-03-29T11:22:17","slug":"bostik-grip-a500-multi-10kg","status":"publish","type":"product","link":"https:\/\/forzato.nl\/de\/produkt\/bostik-grip-a500-multi-10kg\/","title":{"rendered":"Bostik Grip A500 Multi 10KG"},"content":{"rendered":"<h1>Bostik SL C350 Universal<\/h1>\n<p>GRIP A500 MULTI ist eine gebrauchsfertige, l\u00f6sungsmittelfreie Dispersionsgrundierung. Die Grundierung hat eine wei\u00dfe Farbe.<br \/>\nGRIP A500 MULTI ist f\u00fcr den Innen- und Au\u00dfenbereich geeignet. GRIP A500 MULTI ist nach EC1+ zertifiziert und somit f\u00fcr den Einsatz in BREEAM- und LEED-Projekten geeignet.<\/p>\n","protected":false},"excerpt":{"rendered":"<p>Bostik SL C350 Universal GRIP A500 MULTI ist eine gebrauchsfertige, l\u00f6sungsmittelfreie Dispersionsgrundierung. Die Grundierung hat eine wei\u00dfe Farbe. GRIP A500 MULTI ist f\u00fcr den Innen- und Au\u00dfenbereich geeignet. GRIP A500 MULTI ist nach EC1+ zertifiziert und somit f\u00fcr den Einsatz in BREEAM- und LEED-Projekten geeignet.<\/p>\n","protected":false},"featured_media":940,"template":"","meta":[],"product_brand":[],"product_cat":[315],"product_tag":[334],"class_list":{"0":"post-1408","1":"product","2":"type-product","3":"status-publish","4":"has-post-thumbnail","6":"product_cat-grundierung","7":"product_tag-grundierung","8":"pa_merk-bostik-de","10":"first","11":"instock","12":"taxable","13":"shipping-taxable","14":"purchasable","15":"product-type-simple"},"yoast_head":"<!-- This site is optimized with the Yoast SEO plugin v24.6 - https:\/\/yoast.com\/wordpress\/plugins\/seo\/ -->\n<title>Bostik Grip A500 Multi 10KG - Forzato<\/title>\n<meta name=\"description\" content=\"Bostik Grip A500 Multi 10KG ist eine gebrauchsfertige, l\u00f6sungsmittelfreie Dispersionsgrundierung. Der Primer hat eine wei\u00dfe Farbe und ist nach EC1+ zertifiziert\" \/>\n<meta name=\"robots\" content=\"index, follow, max-snippet:-1, max-image-preview:large, max-video-preview:-1\" \/>\n<link rel=\"canonical\" href=\"https:\/\/forzato.nl\/de\/produkt\/bostik-grip-a500-multi-10kg\/\" \/>\n<meta property=\"og:locale\" content=\"de_DE\" \/>\n<meta property=\"og:type\" content=\"article\" \/>\n<meta property=\"og:title\" content=\"Bostik Grip A500 Multi 10KG - Forzato\" \/>\n<meta property=\"og:description\" content=\"Bostik Grip A500 Multi 10KG ist eine gebrauchsfertige, l\u00f6sungsmittelfreie Dispersionsgrundierung. Der Primer hat eine wei\u00dfe Farbe und ist nach EC1+ zertifiziert\" \/>\n<meta property=\"og:url\" content=\"https:\/\/forzato.nl\/de\/produkt\/bostik-grip-a500-multi-10kg\/\" \/>\n<meta property=\"og:site_name\" content=\"Forzato\" \/>\n<meta property=\"article:modified_time\" content=\"2024-03-29T11:22:17+00:00\" \/>\n<meta property=\"og:image\" content=\"https:\/\/forzato.nl\/wp-content\/uploads\/2023\/12\/bostik-grip-a500-multi-premium-grundierung-saugende-nicht-saugende-untergruende-10-kg.jpg.webp\" \/>\n\t<meta property=\"og:image:width\" content=\"611\" \/>\n\t<meta property=\"og:image:height\" content=\"611\" \/>\n\t<meta property=\"og:image:type\" content=\"image\/webp\" \/>\n<meta name=\"twitter:card\" content=\"summary_large_image\" \/>\n<meta name=\"twitter:label1\" content=\"Gesch\u00e4tzte Lesezeit\" \/>\n\t<meta name=\"twitter:data1\" content=\"1\u00a0Minute\" \/>\n<script type=\"application\/ld+json\" class=\"yoast-schema-graph\">{\"@context\":\"https:\/\/schema.org\",\"@graph\":[{\"@type\":\"WebPage\",\"@id\":\"https:\/\/forzato.nl\/de\/produkt\/bostik-grip-a500-multi-10kg\/\",\"url\":\"https:\/\/forzato.nl\/de\/produkt\/bostik-grip-a500-multi-10kg\/\",\"name\":\"Bostik Grip A500 Multi 10KG - Forzato\",\"isPartOf\":{\"@id\":\"https:\/\/forzato.nl\/de\/#website\"},\"primaryImageOfPage\":{\"@id\":\"https:\/\/forzato.nl\/de\/produkt\/bostik-grip-a500-multi-10kg\/#primaryimage\"},\"image\":{\"@id\":\"https:\/\/forzato.nl\/de\/produkt\/bostik-grip-a500-multi-10kg\/#primaryimage\"},\"thumbnailUrl\":\"https:\/\/forzato.nl\/wp-content\/uploads\/2023\/12\/bostik-grip-a500-multi-premium-grundierung-saugende-nicht-saugende-untergruende-10-kg.jpg.webp\",\"datePublished\":\"2023-12-01T15:41:31+00:00\",\"dateModified\":\"2024-03-29T11:22:17+00:00\",\"description\":\"Bostik Grip A500 Multi 10KG ist eine gebrauchsfertige, l\u00f6sungsmittelfreie Dispersionsgrundierung. Der Primer hat eine wei\u00dfe Farbe und ist nach EC1+ zertifiziert\",\"breadcrumb\":{\"@id\":\"https:\/\/forzato.nl\/de\/produkt\/bostik-grip-a500-multi-10kg\/#breadcrumb\"},\"inLanguage\":\"de\",\"potentialAction\":[{\"@type\":\"ReadAction\",\"target\":[\"https:\/\/forzato.nl\/de\/produkt\/bostik-grip-a500-multi-10kg\/\"]}]},{\"@type\":\"ImageObject\",\"inLanguage\":\"de\",\"@id\":\"https:\/\/forzato.nl\/de\/produkt\/bostik-grip-a500-multi-10kg\/#primaryimage\",\"url\":\"https:\/\/forzato.nl\/wp-content\/uploads\/2023\/12\/bostik-grip-a500-multi-premium-grundierung-saugende-nicht-saugende-untergruende-10-kg.jpg.webp\",\"contentUrl\":\"https:\/\/forzato.nl\/wp-content\/uploads\/2023\/12\/bostik-grip-a500-multi-premium-grundierung-saugende-nicht-saugende-untergruende-10-kg.jpg.webp\",\"width\":611,\"height\":611,\"caption\":\"Bostik Grip A500 Multi 10KG\"},{\"@type\":\"BreadcrumbList\",\"@id\":\"https:\/\/forzato.nl\/de\/produkt\/bostik-grip-a500-multi-10kg\/#breadcrumb\",\"itemListElement\":[{\"@type\":\"ListItem\",\"position\":1,\"name\":\"Home\",\"item\":\"https:\/\/forzato.nl\/de\/\"},{\"@type\":\"ListItem\",\"position\":2,\"name\":\"Shop\",\"item\":\"https:\/\/forzato.nl\/shop\/\"},{\"@type\":\"ListItem\",\"position\":3,\"name\":\"Bostik Grip A500 Multi 10KG\"}]},{\"@type\":\"WebSite\",\"@id\":\"https:\/\/forzato.nl\/de\/#website\",\"url\":\"https:\/\/forzato.nl\/de\/\",\"name\":\"Forzato\",\"description\":\"Strak in B\u00f6den\",\"potentialAction\":[{\"@type\":\"SearchAction\",\"target\":{\"@type\":\"EntryPoint\",\"urlTemplate\":\"https:\/\/forzato.nl\/de\/?s={search_term_string}\"},\"query-input\":{\"@type\":\"PropertyValueSpecification\",\"valueRequired\":true,\"valueName\":\"search_term_string\"}}],\"inLanguage\":\"de\"}]}<\/script>\n<!-- \/ Yoast SEO plugin. -->","yoast_head_json":{"title":"Bostik Grip A500 Multi 10KG - Forzato","description":"Bostik Grip A500 Multi 10KG ist eine gebrauchsfertige, l\u00f6sungsmittelfreie Dispersionsgrundierung. Der Primer hat eine wei\u00dfe Farbe und ist nach EC1+ zertifiziert","robots":{"index":"index","follow":"follow","max-snippet":"max-snippet:-1","max-image-preview":"max-image-preview:large","max-video-preview":"max-video-preview:-1"},"canonical":"https:\/\/forzato.nl\/de\/produkt\/bostik-grip-a500-multi-10kg\/","og_locale":"de_DE","og_type":"article","og_title":"Bostik Grip A500 Multi 10KG - Forzato","og_description":"Bostik Grip A500 Multi 10KG ist eine gebrauchsfertige, l\u00f6sungsmittelfreie Dispersionsgrundierung. Der Primer hat eine wei\u00dfe Farbe und ist nach EC1+ zertifiziert","og_url":"https:\/\/forzato.nl\/de\/produkt\/bostik-grip-a500-multi-10kg\/","og_site_name":"Forzato","article_modified_time":"2024-03-29T11:22:17+00:00","og_image":[{"width":611,"height":611,"url":"https:\/\/forzato.nl\/wp-content\/uploads\/2023\/12\/bostik-grip-a500-multi-premium-grundierung-saugende-nicht-saugende-untergruende-10-kg.jpg.webp","type":"image\/webp"}],"twitter_card":"summary_large_image","twitter_misc":{"Gesch\u00e4tzte Lesezeit":"1\u00a0Minute"},"schema":{"@context":"https:\/\/schema.org","@graph":[{"@type":"WebPage","@id":"https:\/\/forzato.nl\/de\/produkt\/bostik-grip-a500-multi-10kg\/","url":"https:\/\/forzato.nl\/de\/produkt\/bostik-grip-a500-multi-10kg\/","name":"Bostik Grip A500 Multi 10KG - Forzato","isPartOf":{"@id":"https:\/\/forzato.nl\/de\/#website"},"primaryImageOfPage":{"@id":"https:\/\/forzato.nl\/de\/produkt\/bostik-grip-a500-multi-10kg\/#primaryimage"},"image":{"@id":"https:\/\/forzato.nl\/de\/produkt\/bostik-grip-a500-multi-10kg\/#primaryimage"},"thumbnailUrl":"https:\/\/forzato.nl\/wp-content\/uploads\/2023\/12\/bostik-grip-a500-multi-premium-grundierung-saugende-nicht-saugende-untergruende-10-kg.jpg.webp","datePublished":"2023-12-01T15:41:31+00:00","dateModified":"2024-03-29T11:22:17+00:00","description":"Bostik Grip A500 Multi 10KG ist eine gebrauchsfertige, l\u00f6sungsmittelfreie Dispersionsgrundierung. Der Primer hat eine wei\u00dfe Farbe und ist nach EC1+ zertifiziert","breadcrumb":{"@id":"https:\/\/forzato.nl\/de\/produkt\/bostik-grip-a500-multi-10kg\/#breadcrumb"},"inLanguage":"de","potentialAction":[{"@type":"ReadAction","target":["https:\/\/forzato.nl\/de\/produkt\/bostik-grip-a500-multi-10kg\/"]}]},{"@type":"ImageObject","inLanguage":"de","@id":"https:\/\/forzato.nl\/de\/produkt\/bostik-grip-a500-multi-10kg\/#primaryimage","url":"https:\/\/forzato.nl\/wp-content\/uploads\/2023\/12\/bostik-grip-a500-multi-premium-grundierung-saugende-nicht-saugende-untergruende-10-kg.jpg.webp","contentUrl":"https:\/\/forzato.nl\/wp-content\/uploads\/2023\/12\/bostik-grip-a500-multi-premium-grundierung-saugende-nicht-saugende-untergruende-10-kg.jpg.webp","width":611,"height":611,"caption":"Bostik Grip A500 Multi 10KG"},{"@type":"BreadcrumbList","@id":"https:\/\/forzato.nl\/de\/produkt\/bostik-grip-a500-multi-10kg\/#breadcrumb","itemListElement":[{"@type":"ListItem","position":1,"name":"Home","item":"https:\/\/forzato.nl\/de\/"},{"@type":"ListItem","position":2,"name":"Shop","item":"https:\/\/forzato.nl\/shop\/"},{"@type":"ListItem","position":3,"name":"Bostik Grip A500 Multi 10KG"}]},{"@type":"WebSite","@id":"https:\/\/forzato.nl\/de\/#website","url":"https:\/\/forzato.nl\/de\/","name":"Forzato","description":"Strak in B\u00f6den","potentialAction":[{"@type":"SearchAction","target":{"@type":"EntryPoint","urlTemplate":"https:\/\/forzato.nl\/de\/?s={search_term_string}"},"query-input":{"@type":"PropertyValueSpecification","valueRequired":true,"valueName":"search_term_string"}}],"inLanguage":"de"}]}},"jetpack_sharing_enabled":true,"_links":{"self":[{"href":"https:\/\/forzato.nl\/de\/wp-json\/wp\/v2\/product\/1408","targetHints":{"allow":["GET"]}}],"collection":[{"href":"https:\/\/forzato.nl\/de\/wp-json\/wp\/v2\/product"}],"about":[{"href":"https:\/\/forzato.nl\/de\/wp-json\/wp\/v2\/types\/product"}],"wp:featuredmedia":[{"embeddable":true,"href":"https:\/\/forzato.nl\/de\/wp-json\/wp\/v2\/media\/940"}],"wp:attachment":[{"href":"https:\/\/forzato.nl\/de\/wp-json\/wp\/v2\/media?parent=1408"}],"wp:term":[{"taxonomy":"product_brand","embeddable":true,"href":"https:\/\/forzato.nl\/de\/wp-json\/wp\/v2\/product_brand?post=1408"},{"taxonomy":"product_cat","embeddable":true,"href":"https:\/\/forzato.nl\/de\/wp-json\/wp\/v2\/product_cat?post=1408"},{"taxonomy":"product_tag","embeddable":true,"href":"https:\/\/forzato.nl\/de\/wp-json\/wp\/v2\/product_tag?post=1408"}],"curies":[{"name":"wp","href":"https:\/\/api.w.org\/{rel}","templated":true}]}}